{"id":3,"date":"2022-03-28T17:28:28","date_gmt":"2022-03-28T17:28:28","guid":{"rendered":"https:\/\/miraki.lt\/?page_id=3"},"modified":"2022-05-03T10:02:25","modified_gmt":"2022-05-03T10:02:25","slug":"privatumo-politika","status":"publish","type":"page","link":"https:\/\/miraki.lt\/en\/privatumo-politika\/","title":{"rendered":"Privacy Policy"},"content":{"rendered":"<div data-elementor-type=\"wp-page\" data-elementor-id=\"3\" class=\"elementor elementor-3\">\n\t\t\t\t\t\t\t\t\t<section class=\"elementor-section elementor-top-section elementor-element elementor-element-619ddba3 elementor-section-boxed elementor-section-height-default elementor-section-height-default\" data-id=\"619ddba3\" data-element_type=\"section\">\n\t\t\t\t\t\t<div class=\"elementor-container elementor-column-gap-default\">\n\t\t\t\t\t<div class=\"elementor-column elementor-col-100 elementor-top-column elementor-element elementor-element-1b0e632d\" data-id=\"1b0e632d\" data-element_type=\"column\">\n\t\t\t<div class=\"elementor-widget-wrap elementor-element-populated\">\n\t\t\t\t\t\t\t\t<div class=\"elementor-element elementor-element-25b0668c elementor-widget elementor-widget-text-editor\" data-id=\"25b0668c\" data-element_type=\"widget\" data-widget_type=\"text-editor.default\">\n\t\t\t\t<div class=\"elementor-widget-container\">\n\t\t\t<style>\/*! elementor - v3.15.0 - 02-08-2023 *\/\n.elementor-widget-text-editor.elementor-drop-cap-view-stacked .elementor-drop-cap{background-color:#69727d;color:#fff}.elementor-widget-text-editor.elementor-drop-cap-view-framed .elementor-drop-cap{color:#69727d;border:3px solid;background-color:transparent}.elementor-widget-text-editor:not(.elementor-drop-cap-view-default) .elementor-drop-cap{margin-top:8px}.elementor-widget-text-editor:not(.elementor-drop-cap-view-default) .elementor-drop-cap-letter{width:1em;height:1em}.elementor-widget-text-editor .elementor-drop-cap{float:left;text-align:center;line-height:1;font-size:50px}.elementor-widget-text-editor .elementor-drop-cap-letter{display:inline-block}<\/style>\t\t\t\t<p><!-- wp:heading --><\/p>\n<h2><span style=\"color: rgb(102, 102, 102); font-family: Arial, sans-serif; font-size: 12px;\">This miraki.lt privacy policy describes what information we collect and how we use it.<\/span><br style=\"color: rgb(102, 102, 102); font-family: Arial, sans-serif; font-size: 12px;\"><br style=\"color: rgb(102, 102, 102); font-family: Arial, sans-serif; font-size: 12px;\"><b style=\"color: rgb(102, 102, 102); font-family: Arial, sans-serif; font-size: 12px;\">1. What information do we collect?<\/b><br style=\"color: rgb(102, 102, 102); font-family: Arial, sans-serif; font-size: 12px;\"><span style=\"color: rgb(102, 102, 102); font-family: Arial, sans-serif; font-size: 12px;\">We may collect, store and use the following types of information:<\/span><br style=\"color: rgb(102, 102, 102); font-family: Arial, sans-serif; font-size: 12px;\"><span style=\"color: rgb(102, 102, 102); font-family: Arial, sans-serif; font-size: 12px;\">\u2022 information about your computer and your visits to and use of this website (including your IP address, geographical location, the type of browser from which you were directed, the duration of the visit and the number of page views);<\/span><br style=\"color: rgb(102, 102, 102); font-family: Arial, sans-serif; font-size: 12px;\"><span style=\"color: rgb(102, 102, 102); font-family: Arial, sans-serif; font-size: 12px;\">\u2022 the information you provide to us for the purpose of subscribing to our website services, e-mail notifications and \/ or newsletters;<\/span><br style=\"color: rgb(102, 102, 102); font-family: Arial, sans-serif; font-size: 12px;\"><span style=\"color: rgb(102, 102, 102); font-family: Arial, sans-serif; font-size: 12px;\">\u2022 any other information you choose to send to us.<\/span><br style=\"color: rgb(102, 102, 102); font-family: Arial, sans-serif; font-size: 12px;\"><br style=\"color: rgb(102, 102, 102); font-family: Arial, sans-serif; font-size: 12px;\"><b style=\"color: rgb(102, 102, 102); font-family: Arial, sans-serif; font-size: 12px;\">2. Cookies<\/b><br style=\"color: rgb(102, 102, 102); font-family: Arial, sans-serif; font-size: 12px;\"><span style=\"color: rgb(102, 102, 102); font-family: Arial, sans-serif; font-size: 12px;\">A cookie is a data that is sent from a network server to an Internet browser and is stored by the browser. This information is then sent back to the server each time the browser requests a page from that server. This allows this network server to identify and track the web browser. We use Google Analytics to analyze your use of this website. Google Analytics generates statistical and other information about your use of the website using cookies, which are stored on users' computers. The information generated in connection with our website is used to generate reports on the use of this website. This information will be kept by Google. Google's privacy policy is available here:&nbsp;<\/span><a href=\"https:\/\/www.google.com\/privacypolicy.html\" style=\"color: rgb(0, 136, 204); font-family: Arial, sans-serif; font-size: 12px; background-color: rgb(255, 255, 255);\">http:\/\/www.google.com\/privacypolicy.html&nbsp;<\/a><span style=\"color: rgb(102, 102, 102); font-family: Arial, sans-serif; font-size: 12px;\">. Our advertisers or payment service providers may also send you cookies. We publish ads based on Google Adsense interests on our website. They are selected by Google to reflect your interests. Google uses cookies to track your online behavior in order to identify your interests. You can view, delete, and add interest categories associated with your browser using Google's Ads Preference Manager, located at&nbsp;<\/span><a href=\"https:\/\/www.google.com\/ads\/preferences\/\" style=\"color: rgb(0, 136, 204); font-family: Arial, sans-serif; font-size: 12px; background-color: rgb(255, 255, 255);\">http:\/\/www.google.com\/ads\/preferences\/<\/a><span style=\"color: rgb(102, 102, 102); font-family: Arial, sans-serif; font-size: 12px;\">. You can opt out of the Adsense affiliate network cookie address&nbsp;<\/span><a href=\"https:\/\/www.google.com\/privacy_ads.html\" style=\"color: rgb(0, 136, 204); font-family: Arial, sans-serif; font-size: 12px; background-color: rgb(255, 255, 255);\">http:\/\/www.google.com\/privacy_ads.html&nbsp;<\/a><span style=\"color: rgb(102, 102, 102); font-family: Arial, sans-serif; font-size: 12px;\">. However, this opt-out mechanism uses a cookie, and if you delete cookies from your computer, your opt-out will not be saved. To ensure that your opt-out is saved for a specific browser, you should use the Google Browser Plugin, which can be found at&nbsp;<\/span><a href=\"https:\/\/www.google.com\/ads\/preferences\/plugin\" style=\"color: rgb(0, 136, 204); font-family: Arial, sans-serif; font-size: 12px; background-color: rgb(255, 255, 255);\">http:\/\/www.google.com\/ads\/preferences\/plugin&nbsp;<\/a><span style=\"color: rgb(102, 102, 102); font-family: Arial, sans-serif; font-size: 12px;\">. Most browsers do not allow you to accept any cookies, although some browsers only allow you to accept third-party cookies. For example, in Internet Explorer, you can opt-out of all cookies by clicking Tools&gt; Internet Options&gt; Privacy and selecting \"Block all cookies\" (by sliding the switch). However, blocking all cookies will negatively affect access to many websites, including this one.<\/span><br style=\"color: rgb(102, 102, 102); font-family: Arial, sans-serif; font-size: 12px;\"><br style=\"color: rgb(102, 102, 102); font-family: Arial, sans-serif; font-size: 12px;\"><b style=\"color: rgb(102, 102, 102); font-family: Arial, sans-serif; font-size: 12px;\">3. Use of your personal data<\/b><br style=\"color: rgb(102, 102, 102); font-family: Arial, sans-serif; font-size: 12px;\"><span style=\"color: rgb(102, 102, 102); font-family: Arial, sans-serif; font-size: 12px;\">The personal data provided on this website will be used for the purposes stated in this privacy policy or in the relevant parts of this website. We may use your personal information for the following purposes:<\/span><br style=\"color: rgb(102, 102, 102); font-family: Arial, sans-serif; font-size: 12px;\"><span style=\"color: rgb(102, 102, 102); font-family: Arial, sans-serif; font-size: 12px;\">\u2022 Website administration;<\/span><br style=\"color: rgb(102, 102, 102); font-family: Arial, sans-serif; font-size: 12px;\"><span style=\"color: rgb(102, 102, 102); font-family: Arial, sans-serif; font-size: 12px;\">\u2022 Improve your browsing experience by personalizing this website;<\/span><br style=\"color: rgb(102, 102, 102); font-family: Arial, sans-serif; font-size: 12px;\"><span style=\"color: rgb(102, 102, 102); font-family: Arial, sans-serif; font-size: 12px;\">\u2022 with your consent to send you an e-mail. mail us our newsletter, which we think may be of interest to you (you can inform us at any time if you no longer want the newsletter to be sent to you);<\/span><br style=\"color: rgb(102, 102, 102); font-family: Arial, sans-serif; font-size: 12px;\"><span style=\"color: rgb(102, 102, 102); font-family: Arial, sans-serif; font-size: 12px;\">\u2022 provide statistical information about our users to third parties, but this information will not be used to identify any individual user;<\/span><br style=\"color: rgb(102, 102, 102); font-family: Arial, sans-serif; font-size: 12px;\"><span style=\"color: rgb(102, 102, 102); font-family: Arial, sans-serif; font-size: 12px;\">We will not disclose your personal data to any third parties for direct marketing purposes without your express consent.<\/span><br style=\"color: rgb(102, 102, 102); font-family: Arial, sans-serif; font-size: 12px;\"><br style=\"color: rgb(102, 102, 102); font-family: Arial, sans-serif; font-size: 12px;\"><b style=\"color: rgb(102, 102, 102); font-family: Arial, sans-serif; font-size: 12px;\">4. Policy Changes<\/b><br style=\"color: rgb(102, 102, 102); font-family: Arial, sans-serif; font-size: 12px;\"><span style=\"color: rgb(102, 102, 102); font-family: Arial, sans-serif; font-size: 12px;\">We may update this Privacy Policy from time to time by posting a new version on our website. You should review this page from time to time to ensure that you are satisfied with any changes.<\/span><br><\/h2><div><span style=\"color: rgb(102, 102, 102); font-family: Arial, sans-serif; font-size: 12px;\"><br><\/span><\/div>\n<p><!-- \/wp:paragraph --><\/p>\t\t\t\t\t\t<\/div>\n\t\t\t\t<\/div>\n\t\t\t\t\t<\/div>\n\t\t<\/div>\n\t\t\t\t\t\t\t<\/div>\n\t\t<\/section>\n\t\t\t\t\t\t\t<\/div>","protected":false},"excerpt":{"rendered":"<p>\u0160ioje miraki.lt privatumo politikoje apra\u0161oma, koki\u0105 informacij\u0105 renkame ir kaip j\u0105 naudojame.1. Koki\u0105 informacij\u0105 mes renkame?Mes galime rinkti, saugoti ir naudoti \u017eemiau nurodyt\u0173 r\u016b\u0161i\u0173 informacij\u0105:\u2022 informacij\u0105 apie J\u016bs\u0173 kompiuter\u012f ir apie J\u016bs\u0173 apsilankymus \u0161ioje interneto svetain\u0117je bei naudojim\u0105si \u0161ia interneto svetaine (\u012fskaitant J\u016bs\u0173 IP adres\u0105, geografin\u0119 viet\u0105, nar\u0161ykl\u0117s tip\u0105, i\u0161 kur buvote nukreiptas, lankymosi trukm\u0119 [&hellip;]<\/p>","protected":false},"author":1,"featured_media":0,"parent":0,"menu_order":0,"comment_status":"closed","ping_status":"closed","template":"","meta":{"footnotes":""},"_links":{"self":[{"href":"https:\/\/miraki.lt\/en\/wp-json\/wp\/v2\/pages\/3"}],"collection":[{"href":"https:\/\/miraki.lt\/en\/wp-json\/wp\/v2\/pages"}],"about":[{"href":"https:\/\/miraki.lt\/en\/wp-json\/wp\/v2\/types\/page"}],"author":[{"embeddable":true,"href":"https:\/\/miraki.lt\/en\/wp-json\/wp\/v2\/users\/1"}],"replies":[{"embeddable":true,"href":"https:\/\/miraki.lt\/en\/wp-json\/wp\/v2\/comments?post=3"}],"version-history":[{"count":4,"href":"https:\/\/miraki.lt\/en\/wp-json\/wp\/v2\/pages\/3\/revisions"}],"predecessor-version":[{"id":561,"href":"https:\/\/miraki.lt\/en\/wp-json\/wp\/v2\/pages\/3\/revisions\/561"}],"wp:attachment":[{"href":"https:\/\/miraki.lt\/en\/wp-json\/wp\/v2\/media?parent=3"}],"curies":[{"name":"wp","href":"https:\/\/api.w.org\/{rel}","templated":true}]}}